{"id":296,"date":"2020-08-10T05:56:43","date_gmt":"2020-08-10T09:56:43","guid":{"rendered":"https:\/\/lg.artechdigital.net\/?page_id=296"},"modified":"2020-08-10T06:44:57","modified_gmt":"2020-08-10T10:44:57","slug":"quienes-somos","status":"publish","type":"page","link":"https:\/\/gadtecnology.com\/es\/quienes-somos\/","title":{"rendered":"Quienes somos"},"content":{"rendered":"<p>[et_pb_section fb_built=\u00bb1&#8243; fullwidth=\u00bbon\u00bb _builder_version=\u00bb4.5.4&#8243; _module_preset=\u00bbdefault\u00bb][et_pb_fullwidth_code _builder_version=\u00bb4.5.4&#8243; _module_preset=\u00bbdefault\u00bb custom_margin=\u00bb||-2px|||\u00bb]<div id=\"metaslider-id-298\" style=\"max-width: 1920px;\" class=\"ml-slider-3-108-0 metaslider metaslider-flex metaslider-298 ml-slider has-dots-nav ms-theme-default\" role=\"region\" aria-label=\"Quienes somos\" data-height=\"1080\" data-width=\"1920\">\n    <div id=\"metaslider_container_298\">\n        <div id=\"metaslider_298\">\n            <ul class='slides'>\n                <li style=\"display: block; width: 100%;\" class=\"slide-300 ms-image \" aria-roledescription=\"slide\" data-date=\"2020-08-09 17:53:13\" data-filename=\"about-3.jpg\" data-slide-type=\"image\"><img loading=\"lazy\" decoding=\"async\" src=\"https:\/\/gadtecnology.com\/wp-content\/uploads\/2020\/08\/about-3.jpg\" height=\"1080\" width=\"1920\" alt=\"\" class=\"slider-298 slide-300 msDefaultImage\" title=\"about-3\" \/><\/li>\n            <\/ul>\n        <\/div>\n        \n    <\/div>\n<\/div>[\/et_pb_fullwidth_code][\/et_pb_section][et_pb_section fb_built=\u00bb1&#8243; admin_label=\u00bbServices\u00bb _builder_version=\u00bb3.22&#8243; custom_padding=\u00bb62px||62px|||\u00bb custom_margin=\u00bb-40px|||||\u00bb][et_pb_row admin_label=\u00bbAbout\u00bb _builder_version=\u00bb3.25&#8243; background_size=\u00bbinitial\u00bb background_position=\u00bbtop_left\u00bb background_repeat=\u00bbrepeat\u00bb max_width=\u00bb900px\u00bb use_custom_width=\u00bbon\u00bb custom_width_px=\u00bb900px\u00bb][et_pb_column type=\u00bb4_4&#8243; _builder_version=\u00bb3.25&#8243; custom_padding=\u00bb|||\u00bb custom_padding__hover=\u00bb|||\u00bb][et_pb_text admin_label=\u00bbAbout Section Title\u00bb _builder_version=\u00bb4.5.4&#8243; text_font=\u00bbMontserrat||||\u00bb text_text_color=\u00bb#1f1f1f\u00bb text_font_size=\u00bb36px\u00bb text_line_height=\u00bb1.8em\u00bb ul_text_align=\u00bbcenter\u00bb background_size=\u00bbinitial\u00bb background_position=\u00bbtop_left\u00bb background_repeat=\u00bbrepeat\u00bb custom_margin=\u00bb||-3px|||\u00bb hover_enabled=\u00bb0&#8243;]<\/p>\n<p style=\"text-align: center;\"><strong>\u00bfQuienes somos? <\/strong><\/p>\n<p>[\/et_pb_text][\/et_pb_column][\/et_pb_row][et_pb_row _builder_version=\u00bb3.25&#8243; background_size=\u00bbinitial\u00bb background_position=\u00bbtop_left\u00bb background_repeat=\u00bbrepeat\u00bb custom_padding=\u00bb3px|||||\u00bb][et_pb_column type=\u00bb4_4&#8243; _builder_version=\u00bb3.25&#8243; background_position=\u00bbtop_left\u00bb custom_padding=\u00bb|||\u00bb custom_padding__hover=\u00bb|||\u00bb][et_pb_text _builder_version=\u00bb4.5.4&#8243; _module_preset=\u00bbdefault\u00bb text_font=\u00bb|600|||||||\u00bb text_font_size=\u00bb16px\u00bb hover_enabled=\u00bb0&#8243; custom_margin=\u00bb0px|||||\u00bb]<\/p>\n<p style=\"text-align: center;\">Gadtecnology Online Partner de la marca LG Electronics nace en el a\u00f1o 2020 y entra al mercado digital para ofrecer lo \u00faltimo en tecnolog\u00eda, a las principales ciudades de Am\u00e9rica Latina y el sur de los Estados Unidos.<\/p>\n<p>[\/et_pb_text][\/et_pb_column][\/et_pb_row][\/et_pb_section][et_pb_section fb_built=\u00bb1&#8243; admin_label=\u00bbSplit Section\u00bb _builder_version=\u00bb3.22&#8243; custom_padding=\u00bb0px||0px|\u00bb animation_style=\u00bbfold\u00bb animation_direction=\u00bbbottom\u00bb animation_intensity_fold=\u00bb4%\u00bb][et_pb_row column_structure=\u00bb1_2,1_2&#8243; use_custom_gutter=\u00bbon\u00bb gutter_width=\u00bb1&#8243; make_equal=\u00bbon\u00bb module_class=\u00bb et_pb_row_fullwidth\u00bb _builder_version=\u00bb4.5.4&#8243; background_size=\u00bbinitial\u00bb background_position=\u00bbtop_left\u00bb background_repeat=\u00bbrepeat\u00bb width=\u00bb100%\u00bb width_tablet=\u00bb100%\u00bb width_phone=\u00bb\u00bb width_last_edited=\u00bbon|desktop\u00bb max_width=\u00bb100%\u00bb max_width_tablet=\u00bb100%\u00bb max_width_phone=\u00bb\u00bb max_width_last_edited=\u00bbon|desktop\u00bb custom_margin=\u00bb0px||0px|\u00bb custom_padding=\u00bb0px||0px|||\u00bb make_fullwidth=\u00bbon\u00bb][et_pb_column type=\u00bb1_2&#8243; _builder_version=\u00bb4.5.4&#8243; background_color=\u00bb#f4f4f4&#8243; background_enable_color=\u00bboff\u00bb background_enable_image=\u00bboff\u00bb background_position=\u00bbtop_left\u00bb custom_padding=\u00bb|||\u00bb custom_padding__hover=\u00bb|||\u00bb][et_pb_image src=\u00bbhttps:\/\/lg.artechdigital.net\/wp-content\/uploads\/2020\/08\/about-1.jpg\u00bb title_text=\u00bbabout-1&#8243; _builder_version=\u00bb4.5.4&#8243; _module_preset=\u00bbdefault\u00bb hover_enabled=\u00bb0&#8243;][\/et_pb_image][\/et_pb_column][et_pb_column type=\u00bb1_2&#8243; _builder_version=\u00bb4.5.4&#8243; background_color=\u00bb#f4f4f4&#8243; background_position=\u00bbtop_left\u00bb custom_padding=\u00bb3%|6%|8%|6%|false|false\u00bb custom_padding__hover=\u00bb|||\u00bb][et_pb_divider color=\u00bb#a50034&#8243; divider_weight=\u00bb3px\u00bb disabled_on=\u00bboff|off|off\u00bb _builder_version=\u00bb4.5.4&#8243; background_color_gradient_direction=\u00bb90deg\u00bb max_width=\u00bb100px\u00bb module_alignment=\u00bbleft\u00bb height=\u00bb5px\u00bb custom_margin=\u00bb||20px||false|false\u00bb custom_padding=\u00bb||20px|\u00bb animation_style=\u00bbslide\u00bb animation_direction=\u00bbbottom\u00bb saved_tabs=\u00bball\u00bb locked=\u00bboff\u00bb][\/et_pb_divider][et_pb_cta button_url=\u00bb#\u00bb admin_label=\u00bbFeature 01&#8243; _builder_version=\u00bb4.5.4&#8243; header_font=\u00bbMontserrat|700|||||||\u00bb header_text_color=\u00bb#1f1f1f\u00bb header_font_size=\u00bb36&#8243; header_line_height=\u00bb1.4em\u00bb body_font=\u00bb|600|||||||\u00bb body_font_size=\u00bb16&#8243; body_line_height=\u00bb1.9em\u00bb use_background_color=\u00bboff\u00bb custom_button=\u00bbon\u00bb button_text_size=\u00bb18&#8243; button_text_color=\u00bb#ffffff\u00bb button_bg_color=\u00bb#6eba01&#8243; button_border_color=\u00bb#6eba01&#8243; button_border_radius=\u00bb0&#8243; button_letter_spacing=\u00bb2&#8243; button_font=\u00bbMontserrat|||on|\u00bb button_use_icon=\u00bboff\u00bb text_orientation=\u00bbleft\u00bb background_layout=\u00bblight\u00bb max_width=\u00bb450px\u00bb module_alignment=\u00bbleft\u00bb custom_margin=\u00bb|||\u00bb custom_padding=\u00bb|||\u00bb animation_style=\u00bbfold\u00bb animation_direction=\u00bbbottom\u00bb animation_intensity_fold=\u00bb15%\u00bb hover_enabled=\u00bb0&#8243; button_text_color_hover=\u00bb#6eba01&#8243; button_border_color_hover=\u00bb#6eba01&#8243; button_border_radius_hover=\u00bb0&#8243; button_letter_spacing_hover=\u00bb2&#8243; button_bg_color_hover=\u00bbrgba(0,0,0,0)\u00bb saved_tabs=\u00bball\u00bb locked=\u00bboff\u00bb button_text_size__hover_enabled=\u00bboff\u00bb button_one_text_size__hover_enabled=\u00bboff\u00bb button_two_text_size__hover_enabled=\u00bboff\u00bb button_text_color__hover_enabled=\u00bbon\u00bb button_text_color__hover=\u00bb#6eba01&#8243; button_one_text_color__hover_enabled=\u00bboff\u00bb button_two_text_color__hover_enabled=\u00bboff\u00bb button_border_width__hover_enabled=\u00bboff\u00bb button_one_border_width__hover_enabled=\u00bboff\u00bb button_two_border_width__hover_enabled=\u00bboff\u00bb button_border_color__hover_enabled=\u00bbon\u00bb button_border_color__hover=\u00bb#6eba01&#8243; button_one_border_color__hover_enabled=\u00bboff\u00bb button_two_border_color__hover_enabled=\u00bboff\u00bb button_border_radius__hover_enabled=\u00bbon\u00bb button_border_radius__hover=\u00bb0&#8243; button_one_border_radius__hover_enabled=\u00bboff\u00bb button_two_border_radius__hover_enabled=\u00bboff\u00bb button_letter_spacing__hover_enabled=\u00bbon\u00bb button_letter_spacing__hover=\u00bb2&#8243; button_one_letter_spacing__hover_enabled=\u00bboff\u00bb button_two_letter_spacing__hover_enabled=\u00bboff\u00bb button_bg_color__hover_enabled=\u00bbon\u00bb button_bg_color__hover=\u00bbrgba(0,0,0,0)\u00bb button_one_bg_color__hover_enabled=\u00bboff\u00bb button_two_bg_color__hover_enabled=\u00bboff\u00bb]<\/p>\n<p>Actualmente ofrece la venta de productos para el hogar (home appliances), TVs, smartphones y equipos electr\u00f3nicos, a trav\u00e9s de nuestra plataforma tecnol\u00f3gica y el portal web www.gadtecnologyonline.com.<\/p>\n<p>A trav\u00e9s de nuestros asesores de ventas, que conforma un selecto equipo de trabajo, se atienden a diario a un gran n\u00famero de clientes.<\/p>\n<p>[\/et_pb_cta][\/et_pb_column][\/et_pb_row][\/et_pb_section][et_pb_section fb_built=\u00bb1&#8243; admin_label=\u00bbFooter\u00bb _builder_version=\u00bb4.5.4&#8243; background_enable_color=\u00bboff\u00bb background_enable_image=\u00bboff\u00bb parallax=\u00bbon\u00bb custom_margin=\u00bb0px|||||\u00bb custom_padding=\u00bb62px||42px|||\u00bb saved_tabs=\u00bball\u00bb][et_pb_row use_custom_gutter=\u00bbon\u00bb gutter_width=\u00bb2&#8243; make_equal=\u00bbon\u00bb _builder_version=\u00bb4.5.4&#8243; background_size=\u00bbinitial\u00bb background_position=\u00bbtop_left\u00bb background_repeat=\u00bbrepeat\u00bb custom_padding=\u00bb||4px|||\u00bb][et_pb_column type=\u00bb4_4&#8243; _builder_version=\u00bb3.25&#8243; background_color=\u00bb#ffffff\u00bb background_position=\u00bbtop_left\u00bb custom_padding=\u00bb50px|40px|50px|40px\u00bb custom_padding__hover=\u00bb|||\u00bb][et_pb_text admin_label=\u00bbStatistics Section Title\u00bb _builder_version=\u00bb4.5.4&#8243; text_font=\u00bbMontserrat|600|||||||\u00bb text_font_size=\u00bb17px\u00bb header_font=\u00bbMontserrat||||\u00bb header_text_color=\u00bb#1f1f1f\u00bb header_font_size=\u00bb36px\u00bb header_2_font=\u00bbMontserrat||||||||\u00bb header_2_font_size=\u00bb31px\u00bb text_orientation=\u00bbcenter\u00bb max_width=\u00bb710px\u00bb module_alignment=\u00bbcenter\u00bb animation_style=\u00bbfold\u00bb animation_direction=\u00bbbottom\u00bb animation_intensity_fold=\u00bb20%\u00bb hover_enabled=\u00bb0&#8243; custom_margin=\u00bb||35px|||\u00bb]<\/p>\n<p>Gadtecnology Online se encuentra comprometida con su clientela, al reforzar constantemente sus plataformas digitales, en pro del bienestar de sus clientes, inmediatez en su compra y crecimiento tecnol\u00f3gico de la sociedad.<\/p>\n<p>[\/et_pb_text][et_pb_social_media_follow admin_label=\u00bbFacebook\u00bb _builder_version=\u00bb4.5.4&#8243; transform_scale=\u00bb144%|144%\u00bb text_orientation=\u00bbcenter\u00bb custom_margin=\u00bb|||\u00bb border_radii=\u00bbon|100%|100%|100%|100%\u00bb link_shape=\u00bbcircle\u00bb][et_pb_social_media_follow_network social_network=\u00bbfacebook\u00bb url=\u00bbhttps:\/\/www.facebook.com\/gadtecnology\u00bb _builder_version=\u00bb4.5.4&#8243; background_color=\u00bb#a50034&#8243; background_enable_color=\u00bbon\u00bb custom_margin=\u00bb|10px||\u00bb bg_color=\u00bb#3b5998&#8243; link_shape=\u00bbcircle\u00bb follow_button=\u00bboff\u00bb url_new_window=\u00bbon\u00bb]facebook[\/et_pb_social_media_follow_network][et_pb_social_media_follow_network social_network=\u00bbinstagram\u00bb url=\u00bbhttps:\/\/www.instagram.com\/gadtecnology\/?hl=es-la\u00bb _builder_version=\u00bb4.5.4&#8243; background_color=\u00bb#a50034&#8243; background_enable_color=\u00bbon\u00bb custom_margin=\u00bb|10px||\u00bb bg_color=\u00bb#00aced\u00bb link_shape=\u00bbcircle\u00bb follow_button=\u00bboff\u00bb url_new_window=\u00bbon\u00bb]instagram[\/et_pb_social_media_follow_network][et_pb_social_media_follow_network social_network=\u00bbyoutube\u00bb url=\u00bbhttps:\/\/www.youtube.com\/channel\/UCB4Ohczc9dSrRrm1fLRpWJQ\u00bb _builder_version=\u00bb4.5.4&#8243; background_color=\u00bb#a50034&#8243; background_enable_color=\u00bbon\u00bb custom_margin=\u00bb|0px||\u00bb bg_color=\u00bb#007bb6&#8243; link_shape=\u00bbcircle\u00bb follow_button=\u00bboff\u00bb url_new_window=\u00bbon\u00bb]youtube[\/et_pb_social_media_follow_network][\/et_pb_social_media_follow][et_pb_social_media_follow _builder_version=\u00bb3.0.87&#8243;][\/et_pb_social_media_follow][\/et_pb_column][\/et_pb_row][\/et_pb_section]<\/p>\n","protected":false},"excerpt":{"rendered":"<p><div id=\"metaslider-id-298\" style=\"max-width: 1920px;\" class=\"ml-slider-3-108-0 metaslider metaslider-flex metaslider-298 ml-slider has-dots-nav ms-theme-default\" role=\"region\" aria-label=\"Quienes somos\" data-height=\"1080\" data-width=\"1920\">\n    <div id=\"metaslider_container_298\">\n        <div id=\"metaslider_298\">\n            <ul class='slides'>\n                <li style=\"display: block; width: 100%;\" class=\"slide-300 ms-image \" aria-roledescription=\"slide\" data-date=\"2020-08-09 17:53:13\" data-filename=\"about-3.jpg\" data-slide-type=\"image\"><img loading=\"lazy\" decoding=\"async\" src=\"https:\/\/gadtecnology.com\/wp-content\/uploads\/2020\/08\/about-3.jpg\" height=\"1080\" width=\"1920\" alt=\"\" class=\"slider-298 slide-300 msDefaultImage\" title=\"about-3\" \/><\/li>\n            <\/ul>\n        <\/div>\n        \n    <\/div>\n<\/div>\u00bfQuienes somos? Gadtecnology Online Partner de la marca LG Electronics nace en el a\u00f1o 2020 y entra al mercado digital para ofrecer lo \u00faltimo en tecnolog\u00eda, a las principales ciudades de Am\u00e9rica Latina y el sur de los Estados Unidos. Actualmente ofrece la venta de productos para el hogar (home appliances), TVs, smartphones y [&hellip;]<\/p>\n","protected":false},"author":1,"featured_media":0,"parent":0,"menu_order":0,"comment_status":"closed","ping_status":"closed","template":"","meta":{"_et_pb_use_builder":"on","_et_pb_old_content":"","_et_gb_content_width":"","_monsterinsights_skip_tracking":false,"_monsterinsights_sitenote_active":false,"_monsterinsights_sitenote_note":"","_monsterinsights_sitenote_category":0,"footnotes":""},"class_list":["post-296","page","type-page","status-publish","hentry"],"yoast_head":"<!-- This site is optimized with the Yoast SEO Premium plugin v23.1 (Yoast SEO v27.4) - https:\/\/yoast.com\/product\/yoast-seo-premium-wordpress\/ -->\n<title>Quienes somos - Gadtecnology Online<\/title>\n<meta name=\"robots\" content=\"index, follow, max-snippet:-1, max-image-preview:large, max-video-preview:-1\" \/>\n<link rel=\"canonical\" href=\"https:\/\/gadtecnology.com\/es\/quienes-somos\/\" \/>\n<meta property=\"og:locale\" content=\"es_ES\" \/>\n<meta property=\"og:type\" content=\"article\" \/>\n<meta property=\"og:title\" content=\"Quienes somos\" \/>\n<meta property=\"og:description\" content=\"\u00bfQuienes somos? Gadtecnology Online Partner de la marca LG Electronics nace en el a\u00f1o 2020 y entra al mercado digital para ofrecer lo \u00faltimo en tecnolog\u00eda, a las principales ciudades de Am\u00e9rica Latina y el sur de los Estados Unidos. Actualmente ofrece la venta de productos para el hogar (home appliances), TVs, smartphones y [&hellip;]\" \/>\n<meta property=\"og:url\" content=\"https:\/\/gadtecnology.com\/es\/quienes-somos\/\" \/>\n<meta property=\"og:site_name\" content=\"Gadtecnology Online\" \/>\n<meta property=\"article:publisher\" content=\"https:\/\/www.facebook.com\/gadtecnology\" \/>\n<meta property=\"article:modified_time\" content=\"2020-08-10T10:44:57+00:00\" \/>\n<meta name=\"twitter:card\" content=\"summary_large_image\" \/>\n<meta name=\"twitter:label1\" content=\"Tiempo de lectura\" \/>\n\t<meta name=\"twitter:data1\" content=\"6 minutos\" \/>\n<script type=\"application\/ld+json\" class=\"yoast-schema-graph\">{\"@context\":\"https:\\\/\\\/schema.org\",\"@graph\":[{\"@type\":\"WebPage\",\"@id\":\"https:\\\/\\\/gadtecnology.com\\\/es\\\/quienes-somos\\\/\",\"url\":\"https:\\\/\\\/gadtecnology.com\\\/es\\\/quienes-somos\\\/\",\"name\":\"Quienes somos - Gadtecnology Online\",\"isPartOf\":{\"@id\":\"https:\\\/\\\/gadtecnology.com\\\/es\\\/#website\"},\"datePublished\":\"2020-08-10T09:56:43+00:00\",\"dateModified\":\"2020-08-10T10:44:57+00:00\",\"breadcrumb\":{\"@id\":\"https:\\\/\\\/gadtecnology.com\\\/es\\\/quienes-somos\\\/#breadcrumb\"},\"inLanguage\":\"es\",\"potentialAction\":[{\"@type\":\"ReadAction\",\"target\":[\"https:\\\/\\\/gadtecnology.com\\\/es\\\/quienes-somos\\\/\"]}]},{\"@type\":\"BreadcrumbList\",\"@id\":\"https:\\\/\\\/gadtecnology.com\\\/es\\\/quienes-somos\\\/#breadcrumb\",\"itemListElement\":[{\"@type\":\"ListItem\",\"position\":1,\"name\":\"Home\",\"item\":\"https:\\\/\\\/gadtecnology.com\\\/es\\\/\"},{\"@type\":\"ListItem\",\"position\":2,\"name\":\"Quienes somos\"}]},{\"@type\":\"WebSite\",\"@id\":\"https:\\\/\\\/gadtecnology.com\\\/es\\\/#website\",\"url\":\"https:\\\/\\\/gadtecnology.com\\\/es\\\/\",\"name\":\"Gadtecnology Online\",\"description\":\"Partner LG Electronics\",\"publisher\":{\"@id\":\"https:\\\/\\\/gadtecnology.com\\\/es\\\/#organization\"},\"potentialAction\":[{\"@type\":\"SearchAction\",\"target\":{\"@type\":\"EntryPoint\",\"urlTemplate\":\"https:\\\/\\\/gadtecnology.com\\\/es\\\/?s={search_term_string}\"},\"query-input\":{\"@type\":\"PropertyValueSpecification\",\"valueRequired\":true,\"valueName\":\"search_term_string\"}}],\"inLanguage\":\"es\"},{\"@type\":\"Organization\",\"@id\":\"https:\\\/\\\/gadtecnology.com\\\/es\\\/#organization\",\"name\":\"GAD Tecnology\",\"url\":\"https:\\\/\\\/gadtecnology.com\\\/es\\\/\",\"logo\":{\"@type\":\"ImageObject\",\"inLanguage\":\"es\",\"@id\":\"https:\\\/\\\/gadtecnology.com\\\/es\\\/#\\\/schema\\\/logo\\\/image\\\/\",\"url\":\"https:\\\/\\\/gadtecnology.com\\\/wp-content\\\/uploads\\\/2020\\\/08\\\/cropped-gad-icon.png\",\"contentUrl\":\"https:\\\/\\\/gadtecnology.com\\\/wp-content\\\/uploads\\\/2020\\\/08\\\/cropped-gad-icon.png\",\"width\":512,\"height\":512,\"caption\":\"GAD Tecnology\"},\"image\":{\"@id\":\"https:\\\/\\\/gadtecnology.com\\\/es\\\/#\\\/schema\\\/logo\\\/image\\\/\"},\"sameAs\":[\"https:\\\/\\\/www.facebook.com\\\/gadtecnology\",\"https:\\\/\\\/www.instagram.com\\\/gadtecnology\\\/\"]}]}<\/script>\n<!-- \/ Yoast SEO Premium plugin. -->","yoast_head_json":{"title":"Quienes somos - Gadtecnology Online","robots":{"index":"index","follow":"follow","max-snippet":"max-snippet:-1","max-image-preview":"max-image-preview:large","max-video-preview":"max-video-preview:-1"},"canonical":"https:\/\/gadtecnology.com\/es\/quienes-somos\/","og_locale":"es_ES","og_type":"article","og_title":"Quienes somos","og_description":"\u00bfQuienes somos? Gadtecnology Online Partner de la marca LG Electronics nace en el a\u00f1o 2020 y entra al mercado digital para ofrecer lo \u00faltimo en tecnolog\u00eda, a las principales ciudades de Am\u00e9rica Latina y el sur de los Estados Unidos. Actualmente ofrece la venta de productos para el hogar (home appliances), TVs, smartphones y [&hellip;]","og_url":"https:\/\/gadtecnology.com\/es\/quienes-somos\/","og_site_name":"Gadtecnology Online","article_publisher":"https:\/\/www.facebook.com\/gadtecnology","article_modified_time":"2020-08-10T10:44:57+00:00","twitter_card":"summary_large_image","twitter_misc":{"Tiempo de lectura":"6 minutos"},"schema":{"@context":"https:\/\/schema.org","@graph":[{"@type":"WebPage","@id":"https:\/\/gadtecnology.com\/es\/quienes-somos\/","url":"https:\/\/gadtecnology.com\/es\/quienes-somos\/","name":"Quienes somos - Gadtecnology Online","isPartOf":{"@id":"https:\/\/gadtecnology.com\/es\/#website"},"datePublished":"2020-08-10T09:56:43+00:00","dateModified":"2020-08-10T10:44:57+00:00","breadcrumb":{"@id":"https:\/\/gadtecnology.com\/es\/quienes-somos\/#breadcrumb"},"inLanguage":"es","potentialAction":[{"@type":"ReadAction","target":["https:\/\/gadtecnology.com\/es\/quienes-somos\/"]}]},{"@type":"BreadcrumbList","@id":"https:\/\/gadtecnology.com\/es\/quienes-somos\/#breadcrumb","itemListElement":[{"@type":"ListItem","position":1,"name":"Home","item":"https:\/\/gadtecnology.com\/es\/"},{"@type":"ListItem","position":2,"name":"Quienes somos"}]},{"@type":"WebSite","@id":"https:\/\/gadtecnology.com\/es\/#website","url":"https:\/\/gadtecnology.com\/es\/","name":"Gadtecnology Online","description":"Partner LG Electronics","publisher":{"@id":"https:\/\/gadtecnology.com\/es\/#organization"},"potentialAction":[{"@type":"SearchAction","target":{"@type":"EntryPoint","urlTemplate":"https:\/\/gadtecnology.com\/es\/?s={search_term_string}"},"query-input":{"@type":"PropertyValueSpecification","valueRequired":true,"valueName":"search_term_string"}}],"inLanguage":"es"},{"@type":"Organization","@id":"https:\/\/gadtecnology.com\/es\/#organization","name":"GAD Tecnology","url":"https:\/\/gadtecnology.com\/es\/","logo":{"@type":"ImageObject","inLanguage":"es","@id":"https:\/\/gadtecnology.com\/es\/#\/schema\/logo\/image\/","url":"https:\/\/gadtecnology.com\/wp-content\/uploads\/2020\/08\/cropped-gad-icon.png","contentUrl":"https:\/\/gadtecnology.com\/wp-content\/uploads\/2020\/08\/cropped-gad-icon.png","width":512,"height":512,"caption":"GAD Tecnology"},"image":{"@id":"https:\/\/gadtecnology.com\/es\/#\/schema\/logo\/image\/"},"sameAs":["https:\/\/www.facebook.com\/gadtecnology","https:\/\/www.instagram.com\/gadtecnology\/"]}]}},"_links":{"self":[{"href":"https:\/\/gadtecnology.com\/es\/wp-json\/wp\/v2\/pages\/296","targetHints":{"allow":["GET"]}}],"collection":[{"href":"https:\/\/gadtecnology.com\/es\/wp-json\/wp\/v2\/pages"}],"about":[{"href":"https:\/\/gadtecnology.com\/es\/wp-json\/wp\/v2\/types\/page"}],"author":[{"embeddable":true,"href":"https:\/\/gadtecnology.com\/es\/wp-json\/wp\/v2\/users\/1"}],"replies":[{"embeddable":true,"href":"https:\/\/gadtecnology.com\/es\/wp-json\/wp\/v2\/comments?post=296"}],"version-history":[{"count":4,"href":"https:\/\/gadtecnology.com\/es\/wp-json\/wp\/v2\/pages\/296\/revisions"}],"predecessor-version":[{"id":313,"href":"https:\/\/gadtecnology.com\/es\/wp-json\/wp\/v2\/pages\/296\/revisions\/313"}],"wp:attachment":[{"href":"https:\/\/gadtecnology.com\/es\/wp-json\/wp\/v2\/media?parent=296"}],"curies":[{"name":"wp","href":"https:\/\/api.w.org\/{rel}","templated":true}]}}