{"id":221,"date":"2020-08-09T17:02:00","date_gmt":"2020-08-09T21:02:00","guid":{"rendered":"https:\/\/lg.artechdigital.net\/?post_type=product&#038;p=221"},"modified":"2022-11-15T06:30:38","modified_gmt":"2022-11-15T10:30:38","slug":"refrigerador-instaview-door-in-door","status":"publish","type":"product","link":"https:\/\/gadtecnology.com\/es\/producto\/refrigerador-instaview-door-in-door\/","title":{"rendered":"Refrigerador InstaView Door-in-Door\u00ae"},"content":{"rendered":"<p>[et_pb_section fb_built=\u00bb1&#8243; _builder_version=\u00bb4.15&#8243; custom_padding=\u00bb0px||||false|false\u00bb global_colors_info=\u00bb{}\u00bb][et_pb_row _builder_version=\u00bb4.15&#8243; background_size=\u00bbinitial\u00bb background_position=\u00bbtop_left\u00bb background_repeat=\u00bbrepeat\u00bb width=\u00bb100%\u00bb custom_padding=\u00bb0px||0px||false|false\u00bb global_colors_info=\u00bb{}\u00bb][et_pb_column type=\u00bb4_4&#8243; _builder_version=\u00bb4.15&#8243; custom_padding=\u00bb|||\u00bb global_colors_info=\u00bb{}\u00bb custom_padding__hover=\u00bb|||\u00bb][et_pb_wc_breadcrumb _builder_version=\u00bb4.15&#8243; body_font=\u00bbMontserrat||||||||\u00bb body_font_size=\u00bb14px\u00bb global_colors_info=\u00bb{}\u00bb][\/et_pb_wc_breadcrumb][et_pb_wc_cart_notice _builder_version=\u00bb4.15&#8243; title_font=\u00bbMontserrat|600|||||||\u00bb background_color=\u00bb#a50034&#8243; body_font=\u00bbMontserrat|600|||||||\u00bb global_colors_info=\u00bb{}\u00bb][\/et_pb_wc_cart_notice][\/et_pb_column][\/et_pb_row][et_pb_row column_structure=\u00bb1_2,1_2&#8243; _builder_version=\u00bb4.15&#8243; background_size=\u00bbinitial\u00bb background_position=\u00bbtop_left\u00bb background_repeat=\u00bbrepeat\u00bb width=\u00bb100%\u00bb custom_padding=\u00bb0px||||false|false\u00bb global_colors_info=\u00bb{}\u00bb][et_pb_column type=\u00bb1_2&#8243; _builder_version=\u00bb4.15&#8243; custom_padding=\u00bb|||\u00bb global_colors_info=\u00bb{}\u00bb custom_padding__hover=\u00bb|||\u00bb][et_pb_wc_images sale_badge_color=\u00bb#a50034&#8243; _builder_version=\u00bb4.15&#8243; sale_badge_font=\u00bbMontserrat||||||||\u00bb global_colors_info=\u00bb{}\u00bb][\/et_pb_wc_images][\/et_pb_column][et_pb_column type=\u00bb1_2&#8243; _builder_version=\u00bb4.15&#8243; custom_padding=\u00bb|||\u00bb global_colors_info=\u00bb{}\u00bb custom_padding__hover=\u00bb|||\u00bb][et_pb_wc_title _builder_version=\u00bb4.15&#8243; global_colors_info=\u00bb{}\u00bb][\/et_pb_wc_title][et_pb_wc_rating _builder_version=\u00bb4.15&#8243; global_colors_info=\u00bb{}\u00bb][\/et_pb_wc_rating][et_pb_wc_price _builder_version=\u00bb4.15&#8243; body_font=\u00bb|700|||||||\u00bb global_colors_info=\u00bb{}\u00bb][\/et_pb_wc_price][et_pb_wc_description _builder_version=\u00bb4.15&#8243; global_colors_info=\u00bb{}\u00bb][\/et_pb_wc_description][et_pb_wc_add_to_cart _builder_version=\u00bb4.15&#8243; global_colors_info=\u00bb{}\u00bb][\/et_pb_wc_add_to_cart][et_pb_wc_meta _builder_version=\u00bb4.15&#8243; global_colors_info=\u00bb{}\u00bb][\/et_pb_wc_meta][\/et_pb_column][\/et_pb_row][et_pb_row _builder_version=\u00bb4.15&#8243; background_size=\u00bbinitial\u00bb background_position=\u00bbtop_left\u00bb background_repeat=\u00bbrepeat\u00bb width=\u00bb100%\u00bb global_colors_info=\u00bb{}\u00bb][et_pb_column type=\u00bb4_4&#8243; _builder_version=\u00bb4.15&#8243; custom_padding=\u00bb|||\u00bb global_colors_info=\u00bb{}\u00bb custom_padding__hover=\u00bb|||\u00bb][et_pb_wc_tabs active_tab_background_color=\u00bb#a50034&#8243; inactive_tab_background_color=\u00bb#ffffff\u00bb active_tab_text_color=\u00bb#ffffff\u00bb _builder_version=\u00bb4.15&#8243; tab_text_color=\u00bb#a50034&#8243; tab_font=\u00bbMontserrat|600|||||||\u00bb global_colors_info=\u00bb{}\u00bb]\t\t\t\t\t[\/et_pb_wc_tabs][et_pb_wc_upsells _builder_version=\u00bb4.15&#8243; global_colors_info=\u00bb{}\u00bb][\/et_pb_wc_upsells][et_pb_wc_related_products _builder_version=\u00bb4.15&#8243; title_font=\u00bbMontserrat|700|||||||\u00bb global_colors_info=\u00bb{}\u00bb][\/et_pb_wc_related_products][\/et_pb_column][\/et_pb_row][\/et_pb_section]<\/p>\n","protected":false},"excerpt":{"rendered":"<ul class=\"feature-list\">\n<li><strong>InstaView Door-in-Door\u00ae<\/strong><\/li>\n<li><strong>Motor Inverter Linear Compressor<\/strong><\/li>\n<li><strong>10 A\u00f1os de Garant\u00eda en el Motor<\/strong><\/li>\n<li><strong>Multi Air Flow<\/strong><\/li>\n<li><strong>Hygiene Fresh+<\/strong><\/li>\n<li><strong>ThinQ<\/strong><\/li>\n<\/ul>\n","protected":false},"featured_media":223,"comment_status":"open","ping_status":"closed","template":"","meta":{"_et_pb_use_builder":"on","_et_pb_old_content":"<strong>InstaView <\/strong><strong>Door-in-Door\u00ae<\/strong>\r\nLos refrigeradores LG InstaView Door-in-Door\u00ae cuentan con un panel de cristal de espejo que con solo dos peque\u00f1os golpes se ilumina, permiti\u00e9ndole ver el interior de su refrigerador sin necesidad de abrir la puerta. Reduciendo as\u00ed la perdida de aire fr\u00edo, manteniendo los alimentos frescos por mucho m\u00e1s tiempo.\r\n\r\n<strong>ThinQ\u2122<\/strong>\r\nCon Smart ThinQ de LG, puedes controlar el refrigerador desde tu Smartphone a cualquier hora y desde cualquier lugar. Ajuste f\u00e1cilmente la temperatura, controle Hygiene Fresh+ y tambi\u00e9n realice un diagnostico de su refrigerador con solo presionar un bot\u00f3n en su Smartphone.\r\n\r\n<strong>Hygiene FRESH+TM\u200e 99.999% Aire fresco<\/strong>\r\nEl filtro de aire inteligente no solo puede eliminar las bacterias hasta en un 99.999%, sino que tambi\u00e9n minimiza el mal olor en el refrigerador. Adem\u00e1s, puedes mantener tus alimentos m\u00e1s frescos y m\u00e1s limpios.\r\n\r\n<strong>SpacePlus\u2122 Ice System<\/strong>\r\nLa delgada fabrica de hielo montada en la puerta proporciona m\u00e1s espacio de almacenamiento en la parte del congelador.\r\n\r\n<strong>Ahorro de energ\u00eda con Inverter Linear Compressor<\/strong>\r\nEl compresor lineal Inverter de LG proporciona hasta un 32% de ahorro de energ\u00eda, durabilidad y un control de temperatura \u00f3ptimo para mantener los alimentos m\u00e1s frescos por m\u00e1s tiempo.\r\n\r\n<strong>Nueva Generaci\u00f3n Door-in-Door\u00ae<\/strong>\r\nLa evoluci\u00f3n de Door-in-Door\u00ae contin\u00faa con InstaView Door-in-Door\u00ae. Con InstaView Door-in-Door\u00ae Ahora simplemente golpee dos veces en el cristal para iluminar el contenido interior sin p\u00e9rdida de aire fr\u00edo.\r\n\r\n<strong>Full Wine Rack<\/strong>\r\nEl estante de vinos de f\u00e1cil uso, puede almacenar hasta 4 botellas en una temperatura \u00f3ptima.","_et_gb_content_width":"","_monsterinsights_skip_tracking":false,"_monsterinsights_sitenote_active":false,"_monsterinsights_sitenote_note":"","_monsterinsights_sitenote_category":0},"product_brand":[],"product_cat":[21],"product_tag":[24,25,44],"class_list":{"0":"post-221","1":"product","2":"type-product","3":"status-publish","4":"has-post-thumbnail","6":"product_cat-refrigeradoras","7":"product_tag-gad-tecnology","8":"product_tag-lg-partner","9":"product_tag-refrigeradoras-lg","11":"first","12":"instock","13":"shipping-taxable","14":"product-type-simple"},"yoast_head":"<!-- This site is optimized with the Yoast SEO Premium plugin v23.1 (Yoast SEO v27.4) - https:\/\/yoast.com\/product\/yoast-seo-premium-wordpress\/ -->\n<title>Refrigerador InstaView Door-in-Door\u00ae - Gadtecnology Online<\/title>\n<meta name=\"robots\" content=\"index, follow, max-snippet:-1, max-image-preview:large, max-video-preview:-1\" \/>\n<link rel=\"canonical\" href=\"https:\/\/gadtecnology.com\/es\/producto\/refrigerador-instaview-door-in-door\/\" \/>\n<meta property=\"og:locale\" content=\"es_ES\" \/>\n<meta property=\"og:type\" content=\"article\" \/>\n<meta property=\"og:title\" content=\"Refrigerador InstaView Door-in-Door\u00ae\" \/>\n<meta property=\"og:description\" content=\"InstaView Door-in-Door\u00ae  Motor Inverter Linear Compressor  10 A\u00f1os de Garant\u00eda en el Motor  Multi Air Flow  Hygiene Fresh+  ThinQ\" \/>\n<meta property=\"og:url\" content=\"https:\/\/gadtecnology.com\/es\/producto\/refrigerador-instaview-door-in-door\/\" \/>\n<meta property=\"og:site_name\" content=\"Gadtecnology Online\" \/>\n<meta property=\"article:publisher\" content=\"https:\/\/www.facebook.com\/gadtecnology\" \/>\n<meta property=\"article:modified_time\" content=\"2022-11-15T10:30:38+00:00\" \/>\n<meta property=\"og:image\" content=\"https:\/\/gadtecnology.com\/wp-content\/uploads\/2020\/08\/Gallery_Zoom_01.jpg\" \/>\n\t<meta property=\"og:image:width\" content=\"1600\" \/>\n\t<meta property=\"og:image:height\" content=\"940\" \/>\n\t<meta property=\"og:image:type\" content=\"image\/jpeg\" \/>\n<meta name=\"twitter:card\" content=\"summary_large_image\" \/>\n<script type=\"application\/ld+json\" class=\"yoast-schema-graph\">{\"@context\":\"https:\\\/\\\/schema.org\",\"@graph\":[{\"@type\":\"WebPage\",\"@id\":\"https:\\\/\\\/gadtecnology.com\\\/es\\\/producto\\\/refrigerador-instaview-door-in-door\\\/\",\"url\":\"https:\\\/\\\/gadtecnology.com\\\/es\\\/producto\\\/refrigerador-instaview-door-in-door\\\/\",\"name\":\"Refrigerador InstaView Door-in-Door\u00ae - Gadtecnology Online\",\"isPartOf\":{\"@id\":\"https:\\\/\\\/gadtecnology.com\\\/es\\\/#website\"},\"primaryImageOfPage\":{\"@id\":\"https:\\\/\\\/gadtecnology.com\\\/es\\\/producto\\\/refrigerador-instaview-door-in-door\\\/#primaryimage\"},\"image\":{\"@id\":\"https:\\\/\\\/gadtecnology.com\\\/es\\\/producto\\\/refrigerador-instaview-door-in-door\\\/#primaryimage\"},\"thumbnailUrl\":\"https:\\\/\\\/gadtecnology.com\\\/wp-content\\\/uploads\\\/2020\\\/08\\\/Gallery_Zoom_01.jpg\",\"datePublished\":\"2020-08-09T21:02:00+00:00\",\"dateModified\":\"2022-11-15T10:30:38+00:00\",\"breadcrumb\":{\"@id\":\"https:\\\/\\\/gadtecnology.com\\\/es\\\/producto\\\/refrigerador-instaview-door-in-door\\\/#breadcrumb\"},\"inLanguage\":\"es\",\"potentialAction\":[{\"@type\":\"ReadAction\",\"target\":[\"https:\\\/\\\/gadtecnology.com\\\/es\\\/producto\\\/refrigerador-instaview-door-in-door\\\/\"]}]},{\"@type\":\"ImageObject\",\"inLanguage\":\"es\",\"@id\":\"https:\\\/\\\/gadtecnology.com\\\/es\\\/producto\\\/refrigerador-instaview-door-in-door\\\/#primaryimage\",\"url\":\"https:\\\/\\\/gadtecnology.com\\\/wp-content\\\/uploads\\\/2020\\\/08\\\/Gallery_Zoom_01.jpg\",\"contentUrl\":\"https:\\\/\\\/gadtecnology.com\\\/wp-content\\\/uploads\\\/2020\\\/08\\\/Gallery_Zoom_01.jpg\",\"width\":1600,\"height\":940},{\"@type\":\"BreadcrumbList\",\"@id\":\"https:\\\/\\\/gadtecnology.com\\\/es\\\/producto\\\/refrigerador-instaview-door-in-door\\\/#breadcrumb\",\"itemListElement\":[{\"@type\":\"ListItem\",\"position\":1,\"name\":\"Home\",\"item\":\"https:\\\/\\\/gadtecnology.com\\\/es\\\/\"},{\"@type\":\"ListItem\",\"position\":2,\"name\":\"Shop\",\"item\":\"https:\\\/\\\/gadtecnology.com\\\/shop\\\/\"},{\"@type\":\"ListItem\",\"position\":3,\"name\":\"Refrigerador InstaView Door-in-Door\u00ae\"}]},{\"@type\":\"WebSite\",\"@id\":\"https:\\\/\\\/gadtecnology.com\\\/es\\\/#website\",\"url\":\"https:\\\/\\\/gadtecnology.com\\\/es\\\/\",\"name\":\"Gadtecnology Online\",\"description\":\"Partner LG Electronics\",\"publisher\":{\"@id\":\"https:\\\/\\\/gadtecnology.com\\\/es\\\/#organization\"},\"potentialAction\":[{\"@type\":\"SearchAction\",\"target\":{\"@type\":\"EntryPoint\",\"urlTemplate\":\"https:\\\/\\\/gadtecnology.com\\\/es\\\/?s={search_term_string}\"},\"query-input\":{\"@type\":\"PropertyValueSpecification\",\"valueRequired\":true,\"valueName\":\"search_term_string\"}}],\"inLanguage\":\"es\"},{\"@type\":\"Organization\",\"@id\":\"https:\\\/\\\/gadtecnology.com\\\/es\\\/#organization\",\"name\":\"GAD Tecnology\",\"url\":\"https:\\\/\\\/gadtecnology.com\\\/es\\\/\",\"logo\":{\"@type\":\"ImageObject\",\"inLanguage\":\"es\",\"@id\":\"https:\\\/\\\/gadtecnology.com\\\/es\\\/#\\\/schema\\\/logo\\\/image\\\/\",\"url\":\"https:\\\/\\\/gadtecnology.com\\\/wp-content\\\/uploads\\\/2020\\\/08\\\/cropped-gad-icon.png\",\"contentUrl\":\"https:\\\/\\\/gadtecnology.com\\\/wp-content\\\/uploads\\\/2020\\\/08\\\/cropped-gad-icon.png\",\"width\":512,\"height\":512,\"caption\":\"GAD Tecnology\"},\"image\":{\"@id\":\"https:\\\/\\\/gadtecnology.com\\\/es\\\/#\\\/schema\\\/logo\\\/image\\\/\"},\"sameAs\":[\"https:\\\/\\\/www.facebook.com\\\/gadtecnology\",\"https:\\\/\\\/www.instagram.com\\\/gadtecnology\\\/\"]}]}<\/script>\n<!-- \/ Yoast SEO Premium plugin. -->","yoast_head_json":{"title":"Refrigerador InstaView Door-in-Door\u00ae - Gadtecnology Online","robots":{"index":"index","follow":"follow","max-snippet":"max-snippet:-1","max-image-preview":"max-image-preview:large","max-video-preview":"max-video-preview:-1"},"canonical":"https:\/\/gadtecnology.com\/es\/producto\/refrigerador-instaview-door-in-door\/","og_locale":"es_ES","og_type":"article","og_title":"Refrigerador InstaView Door-in-Door\u00ae","og_description":"InstaView Door-in-Door\u00ae  Motor Inverter Linear Compressor  10 A\u00f1os de Garant\u00eda en el Motor  Multi Air Flow  Hygiene Fresh+  ThinQ","og_url":"https:\/\/gadtecnology.com\/es\/producto\/refrigerador-instaview-door-in-door\/","og_site_name":"Gadtecnology Online","article_publisher":"https:\/\/www.facebook.com\/gadtecnology","article_modified_time":"2022-11-15T10:30:38+00:00","og_image":[{"width":1600,"height":940,"url":"https:\/\/gadtecnology.com\/wp-content\/uploads\/2020\/08\/Gallery_Zoom_01.jpg","type":"image\/jpeg"}],"twitter_card":"summary_large_image","schema":{"@context":"https:\/\/schema.org","@graph":[{"@type":"WebPage","@id":"https:\/\/gadtecnology.com\/es\/producto\/refrigerador-instaview-door-in-door\/","url":"https:\/\/gadtecnology.com\/es\/producto\/refrigerador-instaview-door-in-door\/","name":"Refrigerador InstaView Door-in-Door\u00ae - Gadtecnology Online","isPartOf":{"@id":"https:\/\/gadtecnology.com\/es\/#website"},"primaryImageOfPage":{"@id":"https:\/\/gadtecnology.com\/es\/producto\/refrigerador-instaview-door-in-door\/#primaryimage"},"image":{"@id":"https:\/\/gadtecnology.com\/es\/producto\/refrigerador-instaview-door-in-door\/#primaryimage"},"thumbnailUrl":"https:\/\/gadtecnology.com\/wp-content\/uploads\/2020\/08\/Gallery_Zoom_01.jpg","datePublished":"2020-08-09T21:02:00+00:00","dateModified":"2022-11-15T10:30:38+00:00","breadcrumb":{"@id":"https:\/\/gadtecnology.com\/es\/producto\/refrigerador-instaview-door-in-door\/#breadcrumb"},"inLanguage":"es","potentialAction":[{"@type":"ReadAction","target":["https:\/\/gadtecnology.com\/es\/producto\/refrigerador-instaview-door-in-door\/"]}]},{"@type":"ImageObject","inLanguage":"es","@id":"https:\/\/gadtecnology.com\/es\/producto\/refrigerador-instaview-door-in-door\/#primaryimage","url":"https:\/\/gadtecnology.com\/wp-content\/uploads\/2020\/08\/Gallery_Zoom_01.jpg","contentUrl":"https:\/\/gadtecnology.com\/wp-content\/uploads\/2020\/08\/Gallery_Zoom_01.jpg","width":1600,"height":940},{"@type":"BreadcrumbList","@id":"https:\/\/gadtecnology.com\/es\/producto\/refrigerador-instaview-door-in-door\/#breadcrumb","itemListElement":[{"@type":"ListItem","position":1,"name":"Home","item":"https:\/\/gadtecnology.com\/es\/"},{"@type":"ListItem","position":2,"name":"Shop","item":"https:\/\/gadtecnology.com\/shop\/"},{"@type":"ListItem","position":3,"name":"Refrigerador InstaView Door-in-Door\u00ae"}]},{"@type":"WebSite","@id":"https:\/\/gadtecnology.com\/es\/#website","url":"https:\/\/gadtecnology.com\/es\/","name":"Gadtecnology Online","description":"Partner LG Electronics","publisher":{"@id":"https:\/\/gadtecnology.com\/es\/#organization"},"potentialAction":[{"@type":"SearchAction","target":{"@type":"EntryPoint","urlTemplate":"https:\/\/gadtecnology.com\/es\/?s={search_term_string}"},"query-input":{"@type":"PropertyValueSpecification","valueRequired":true,"valueName":"search_term_string"}}],"inLanguage":"es"},{"@type":"Organization","@id":"https:\/\/gadtecnology.com\/es\/#organization","name":"GAD Tecnology","url":"https:\/\/gadtecnology.com\/es\/","logo":{"@type":"ImageObject","inLanguage":"es","@id":"https:\/\/gadtecnology.com\/es\/#\/schema\/logo\/image\/","url":"https:\/\/gadtecnology.com\/wp-content\/uploads\/2020\/08\/cropped-gad-icon.png","contentUrl":"https:\/\/gadtecnology.com\/wp-content\/uploads\/2020\/08\/cropped-gad-icon.png","width":512,"height":512,"caption":"GAD Tecnology"},"image":{"@id":"https:\/\/gadtecnology.com\/es\/#\/schema\/logo\/image\/"},"sameAs":["https:\/\/www.facebook.com\/gadtecnology","https:\/\/www.instagram.com\/gadtecnology\/"]}]}},"_links":{"self":[{"href":"https:\/\/gadtecnology.com\/es\/wp-json\/wp\/v2\/product\/221","targetHints":{"allow":["GET"]}}],"collection":[{"href":"https:\/\/gadtecnology.com\/es\/wp-json\/wp\/v2\/product"}],"about":[{"href":"https:\/\/gadtecnology.com\/es\/wp-json\/wp\/v2\/types\/product"}],"replies":[{"embeddable":true,"href":"https:\/\/gadtecnology.com\/es\/wp-json\/wp\/v2\/comments?post=221"}],"wp:featuredmedia":[{"embeddable":true,"href":"https:\/\/gadtecnology.com\/es\/wp-json\/wp\/v2\/media\/223"}],"wp:attachment":[{"href":"https:\/\/gadtecnology.com\/es\/wp-json\/wp\/v2\/media?parent=221"}],"wp:term":[{"taxonomy":"product_brand","embeddable":true,"href":"https:\/\/gadtecnology.com\/es\/wp-json\/wp\/v2\/product_brand?post=221"},{"taxonomy":"product_cat","embeddable":true,"href":"https:\/\/gadtecnology.com\/es\/wp-json\/wp\/v2\/product_cat?post=221"},{"taxonomy":"product_tag","embeddable":true,"href":"https:\/\/gadtecnology.com\/es\/wp-json\/wp\/v2\/product_tag?post=221"}],"curies":[{"name":"wp","href":"https:\/\/api.w.org\/{rel}","templated":true}]}}