{"id":266,"date":"2020-08-09T17:39:05","date_gmt":"2020-08-09T21:39:05","guid":{"rendered":"https:\/\/lg.artechdigital.net\/?post_type=product&#038;p=266"},"modified":"2024-10-18T05:36:41","modified_gmt":"2024-10-18T09:36:41","slug":"lavadora-carga-frontal-de-22kg","status":"publish","type":"product","link":"https:\/\/gadtecnology.com\/es\/producto\/lavadora-carga-frontal-de-22kg\/","title":{"rendered":"Lavadora Carga Frontal de 22kg"},"content":{"rendered":"<p>[et_pb_section fb_built=\u00bb1&#8243; _builder_version=\u00bb3.22&#8243; custom_padding=\u00bb0px||||false|false\u00bb][et_pb_row _builder_version=\u00bb3.25&#8243; background_size=\u00bbinitial\u00bb background_position=\u00bbtop_left\u00bb background_repeat=\u00bbrepeat\u00bb width=\u00bb100%\u00bb custom_padding=\u00bb0px||0px||false|false\u00bb][et_pb_column type=\u00bb4_4&#8243; _builder_version=\u00bb3.25&#8243; custom_padding=\u00bb|||\u00bb custom_padding__hover=\u00bb|||\u00bb][et_pb_wc_breadcrumb _builder_version=\u00bb4.5.4&#8243; body_font=\u00bbMontserrat||||||||\u00bb body_font_size=\u00bb14px\u00bb][\/et_pb_wc_breadcrumb][et_pb_wc_cart_notice _builder_version=\u00bb4.5.4&#8243; body_font=\u00bbMontserrat|600|||||||\u00bb background_color=\u00bb#a50034&#8243;][\/et_pb_wc_cart_notice][\/et_pb_column][\/et_pb_row][et_pb_row column_structure=\u00bb1_2,1_2&#8243; _builder_version=\u00bb3.25&#8243; background_size=\u00bbinitial\u00bb background_position=\u00bbtop_left\u00bb background_repeat=\u00bbrepeat\u00bb width=\u00bb100%\u00bb custom_padding=\u00bb0px||||false|false\u00bb][et_pb_column type=\u00bb1_2&#8243; _builder_version=\u00bb3.25&#8243; custom_padding=\u00bb|||\u00bb custom_padding__hover=\u00bb|||\u00bb][et_pb_wc_images sale_badge_color=\u00bb#a50034&#8243; _builder_version=\u00bb4.5.4&#8243; sale_badge_font=\u00bbMontserrat||||||||\u00bb][\/et_pb_wc_images][\/et_pb_column][et_pb_column type=\u00bb1_2&#8243; _builder_version=\u00bb3.25&#8243; custom_padding=\u00bb|||\u00bb custom_padding__hover=\u00bb|||\u00bb][et_pb_wc_title _builder_version=\u00bb3.0.47&#8243;][\/et_pb_wc_title][et_pb_wc_rating _builder_version=\u00bb3.0.47&#8243;][\/et_pb_wc_rating][et_pb_wc_price _builder_version=\u00bb4.5.4&#8243; body_font=\u00bb|700|||||||\u00bb][\/et_pb_wc_price][et_pb_wc_description _builder_version=\u00bb3.0.47&#8243;][\/et_pb_wc_description][et_pb_wc_add_to_cart _builder_version=\u00bb3.0.47&#8243;][\/et_pb_wc_add_to_cart][et_pb_wc_meta _builder_version=\u00bb3.0.47&#8243;][\/et_pb_wc_meta][\/et_pb_column][\/et_pb_row][et_pb_row _builder_version=\u00bb3.25&#8243; background_size=\u00bbinitial\u00bb background_position=\u00bbtop_left\u00bb background_repeat=\u00bbrepeat\u00bb width=\u00bb100%\u00bb][et_pb_column type=\u00bb4_4&#8243; _builder_version=\u00bb3.25&#8243; custom_padding=\u00bb|||\u00bb custom_padding__hover=\u00bb|||\u00bb][et_pb_wc_tabs active_tab_background_color=\u00bb#a50034&#8243; inactive_tab_background_color=\u00bb#ffffff\u00bb active_tab_text_color=\u00bb#ffffff\u00bb _builder_version=\u00bb4.5.4&#8243; tab_text_color=\u00bb#a50034&#8243; tab_font=\u00bbMontserrat|600|||||||\u00bb] [\/et_pb_wc_tabs][et_pb_wc_upsells _builder_version=\u00bb3.0.47&#8243;][\/et_pb_wc_upsells][et_pb_wc_related_products _builder_version=\u00bb4.5.4&#8243; title_font=\u00bbMontserrat|700|||||||\u00bb][\/et_pb_wc_related_products][\/et_pb_column][\/et_pb_row][\/et_pb_section]<\/p>\n","protected":false},"excerpt":{"rendered":"<ul class=\"feature-list\">\n<li><strong>Tecnolog\u00eda de vapor Steam\u2122<\/strong><\/li>\n<li><strong>Sistema de lavado 6 Motion DD<\/strong><\/li>\n<li><strong>Motor Inverter Direct Drive<\/strong><\/li>\n<li><strong>Autodiagn\u00f3stico con Smart Diagnosis\u2122<\/strong><\/li>\n<li><strong>ThinQ\u2122- Conectividad Wi-Fi<\/strong><\/li>\n<li><strong>Compatible con TWINWash Mini<\/strong><\/li>\n<\/ul>\n","protected":false},"featured_media":270,"comment_status":"open","ping_status":"closed","template":"","meta":{"_et_pb_use_builder":"on","_et_pb_old_content":"<strong>Steam\u2122<\/strong>\r\n<strong>Mayor Higiene<\/strong>\r\nLa tecnolog\u00eda LG Steam\u2122 elimina hasta el 99.9% de los al\u00e9rgenos, como los \u00e1caros del polvo que pueden causar alergias o problemas respiratorios.\r\n\r\n<strong>6Motion DD<\/strong>\r\n<strong>Lavado \u00d3ptimo para telas y tejidos<\/strong>\r\nSeleccione un programa de lavado y la tecnolog\u00eda 6Motion Direct Drive mover\u00e1 la tina de la lavadora en m\u00faltiples direcciones, brindando a las telas el cuidado adecuado mientras la ropa queda completamente limpia.\r\n\r\n<strong>Inverter Direct Drive<\/strong>\r\n<strong>Menos vibraci\u00f3n, Menos ruido<\/strong>\r\nMotor LG Inverter Direct Drive de alta eficiencia que mejora el rendimiento de lavado y la durabilidad del equipo, pero sin el ruido y sin vibraci\u00f3n. Adem\u00e1s, el motor Inverter DD disipa menos energ\u00eda, reduciendo el consumo de electricidad.\r\n\r\n<strong>Smart Diagnosis\u2122<\/strong>\r\nLa tecnolog\u00eda Smart Diagnosis\u2122 ayuda a diagnosticar r\u00e1pidamente cualquier problema menor del equipo antes de que se convierta en un problema mayor, evitando costos e inconvenientes visitas al centro de servicio.\r\n\r\n<strong>ThinQ\u2122<\/strong>\r\n<strong>Electrodom\u00e9sticos Inteligentes<\/strong>\r\nHazlo Simple, Vive Mejor con productos inteligentes LG Con la tecnolog\u00eda ThinQ\u2122, podr\u00e1s controlar y monitorear el funcionamiento de tu lavadora LG dentro y fuera de casa por medio de conectividad Wi-Fi. As\u00ed como descargar ciclos adicionales de lavado y acceso a las \u00faltimas innovaciones de LG.\r\n\r\n<strong>Compatibilidad<\/strong>\r\n<strong>Compatible con LG TWINWash\u2122 Mini<\/strong>\r\nAdem\u00e1s, puede complementarse con una TWINWash\u2122 Mini seg\u00fan sus preferencias para adaptarse a su estilo de vida y necesidades de dise\u00f1o de interiores. Ahorre tiempo y dinero.","_et_gb_content_width":"","_monsterinsights_skip_tracking":false,"_monsterinsights_sitenote_active":false,"_monsterinsights_sitenote_note":"","_monsterinsights_sitenote_category":0},"product_brand":[],"product_cat":[22],"product_tag":[24,46,25],"class_list":{"0":"post-266","1":"product","2":"type-product","3":"status-publish","4":"has-post-thumbnail","6":"product_cat-lavadoras-y-secadoras","7":"product_tag-gad-tecnology","8":"product_tag-lavadora-lg","9":"product_tag-lg-partner","11":"first","12":"instock","13":"shipping-taxable","14":"product-type-simple"},"yoast_head":"<!-- This site is optimized with the Yoast SEO Premium plugin v23.1 (Yoast SEO v27.4) - https:\/\/yoast.com\/product\/yoast-seo-premium-wordpress\/ -->\n<title>Lavadora Carga Frontal de 22kg - Gadtecnology Online<\/title>\n<meta name=\"robots\" content=\"index, follow, max-snippet:-1, max-image-preview:large, max-video-preview:-1\" \/>\n<link rel=\"canonical\" href=\"https:\/\/gadtecnology.com\/es\/producto\/lavadora-carga-frontal-de-22kg\/\" \/>\n<meta property=\"og:locale\" content=\"es_ES\" \/>\n<meta property=\"og:type\" content=\"article\" \/>\n<meta property=\"og:title\" content=\"Lavadora Carga Frontal de 22kg\" \/>\n<meta property=\"og:description\" content=\"Tecnolog\u00eda de vapor Steam\u2122  Sistema de lavado 6 Motion DD  Motor Inverter Direct Drive  Autodiagn\u00f3stico con Smart Diagnosis\u2122  ThinQ\u2122- Conectividad Wi-Fi  Compatible con TWINWash Mini\" \/>\n<meta property=\"og:url\" content=\"https:\/\/gadtecnology.com\/es\/producto\/lavadora-carga-frontal-de-22kg\/\" \/>\n<meta property=\"og:site_name\" content=\"Gadtecnology Online\" \/>\n<meta property=\"article:publisher\" content=\"https:\/\/www.facebook.com\/gadtecnology\" \/>\n<meta property=\"article:modified_time\" content=\"2024-10-18T09:36:41+00:00\" \/>\n<meta property=\"og:image\" content=\"https:\/\/gadtecnology.com\/wp-content\/uploads\/2020\/08\/large01-1.jpg\" \/>\n\t<meta property=\"og:image:width\" content=\"1600\" \/>\n\t<meta property=\"og:image:height\" content=\"1062\" \/>\n\t<meta property=\"og:image:type\" content=\"image\/jpeg\" \/>\n<meta name=\"twitter:card\" content=\"summary_large_image\" \/>\n<meta name=\"twitter:label1\" content=\"Tiempo de lectura\" \/>\n\t<meta name=\"twitter:data1\" content=\"2 minutos\" \/>\n<script type=\"application\/ld+json\" class=\"yoast-schema-graph\">{\"@context\":\"https:\\\/\\\/schema.org\",\"@graph\":[{\"@type\":\"WebPage\",\"@id\":\"https:\\\/\\\/gadtecnology.com\\\/es\\\/producto\\\/lavadora-carga-frontal-de-22kg\\\/\",\"url\":\"https:\\\/\\\/gadtecnology.com\\\/es\\\/producto\\\/lavadora-carga-frontal-de-22kg\\\/\",\"name\":\"Lavadora Carga Frontal de 22kg - Gadtecnology Online\",\"isPartOf\":{\"@id\":\"https:\\\/\\\/gadtecnology.com\\\/es\\\/#website\"},\"primaryImageOfPage\":{\"@id\":\"https:\\\/\\\/gadtecnology.com\\\/es\\\/producto\\\/lavadora-carga-frontal-de-22kg\\\/#primaryimage\"},\"image\":{\"@id\":\"https:\\\/\\\/gadtecnology.com\\\/es\\\/producto\\\/lavadora-carga-frontal-de-22kg\\\/#primaryimage\"},\"thumbnailUrl\":\"https:\\\/\\\/gadtecnology.com\\\/wp-content\\\/uploads\\\/2020\\\/08\\\/large01-1.jpg\",\"datePublished\":\"2020-08-09T21:39:05+00:00\",\"dateModified\":\"2024-10-18T09:36:41+00:00\",\"breadcrumb\":{\"@id\":\"https:\\\/\\\/gadtecnology.com\\\/es\\\/producto\\\/lavadora-carga-frontal-de-22kg\\\/#breadcrumb\"},\"inLanguage\":\"es\",\"potentialAction\":[{\"@type\":\"ReadAction\",\"target\":[\"https:\\\/\\\/gadtecnology.com\\\/es\\\/producto\\\/lavadora-carga-frontal-de-22kg\\\/\"]}]},{\"@type\":\"ImageObject\",\"inLanguage\":\"es\",\"@id\":\"https:\\\/\\\/gadtecnology.com\\\/es\\\/producto\\\/lavadora-carga-frontal-de-22kg\\\/#primaryimage\",\"url\":\"https:\\\/\\\/gadtecnology.com\\\/wp-content\\\/uploads\\\/2020\\\/08\\\/large01-1.jpg\",\"contentUrl\":\"https:\\\/\\\/gadtecnology.com\\\/wp-content\\\/uploads\\\/2020\\\/08\\\/large01-1.jpg\",\"width\":1600,\"height\":1062},{\"@type\":\"BreadcrumbList\",\"@id\":\"https:\\\/\\\/gadtecnology.com\\\/es\\\/producto\\\/lavadora-carga-frontal-de-22kg\\\/#breadcrumb\",\"itemListElement\":[{\"@type\":\"ListItem\",\"position\":1,\"name\":\"Home\",\"item\":\"https:\\\/\\\/gadtecnology.com\\\/es\\\/\"},{\"@type\":\"ListItem\",\"position\":2,\"name\":\"Shop\",\"item\":\"https:\\\/\\\/gadtecnology.com\\\/shop\\\/\"},{\"@type\":\"ListItem\",\"position\":3,\"name\":\"Lavadora Carga Frontal de 22kg\"}]},{\"@type\":\"WebSite\",\"@id\":\"https:\\\/\\\/gadtecnology.com\\\/es\\\/#website\",\"url\":\"https:\\\/\\\/gadtecnology.com\\\/es\\\/\",\"name\":\"Gadtecnology Online\",\"description\":\"Partner LG Electronics\",\"publisher\":{\"@id\":\"https:\\\/\\\/gadtecnology.com\\\/es\\\/#organization\"},\"potentialAction\":[{\"@type\":\"SearchAction\",\"target\":{\"@type\":\"EntryPoint\",\"urlTemplate\":\"https:\\\/\\\/gadtecnology.com\\\/es\\\/?s={search_term_string}\"},\"query-input\":{\"@type\":\"PropertyValueSpecification\",\"valueRequired\":true,\"valueName\":\"search_term_string\"}}],\"inLanguage\":\"es\"},{\"@type\":\"Organization\",\"@id\":\"https:\\\/\\\/gadtecnology.com\\\/es\\\/#organization\",\"name\":\"GAD Tecnology\",\"url\":\"https:\\\/\\\/gadtecnology.com\\\/es\\\/\",\"logo\":{\"@type\":\"ImageObject\",\"inLanguage\":\"es\",\"@id\":\"https:\\\/\\\/gadtecnology.com\\\/es\\\/#\\\/schema\\\/logo\\\/image\\\/\",\"url\":\"https:\\\/\\\/gadtecnology.com\\\/wp-content\\\/uploads\\\/2020\\\/08\\\/cropped-gad-icon.png\",\"contentUrl\":\"https:\\\/\\\/gadtecnology.com\\\/wp-content\\\/uploads\\\/2020\\\/08\\\/cropped-gad-icon.png\",\"width\":512,\"height\":512,\"caption\":\"GAD Tecnology\"},\"image\":{\"@id\":\"https:\\\/\\\/gadtecnology.com\\\/es\\\/#\\\/schema\\\/logo\\\/image\\\/\"},\"sameAs\":[\"https:\\\/\\\/www.facebook.com\\\/gadtecnology\",\"https:\\\/\\\/www.instagram.com\\\/gadtecnology\\\/\"]}]}<\/script>\n<!-- \/ Yoast SEO Premium plugin. -->","yoast_head_json":{"title":"Lavadora Carga Frontal de 22kg - Gadtecnology Online","robots":{"index":"index","follow":"follow","max-snippet":"max-snippet:-1","max-image-preview":"max-image-preview:large","max-video-preview":"max-video-preview:-1"},"canonical":"https:\/\/gadtecnology.com\/es\/producto\/lavadora-carga-frontal-de-22kg\/","og_locale":"es_ES","og_type":"article","og_title":"Lavadora Carga Frontal de 22kg","og_description":"Tecnolog\u00eda de vapor Steam\u2122  Sistema de lavado 6 Motion DD  Motor Inverter Direct Drive  Autodiagn\u00f3stico con Smart Diagnosis\u2122  ThinQ\u2122- Conectividad Wi-Fi  Compatible con TWINWash Mini","og_url":"https:\/\/gadtecnology.com\/es\/producto\/lavadora-carga-frontal-de-22kg\/","og_site_name":"Gadtecnology Online","article_publisher":"https:\/\/www.facebook.com\/gadtecnology","article_modified_time":"2024-10-18T09:36:41+00:00","og_image":[{"width":1600,"height":1062,"url":"https:\/\/gadtecnology.com\/wp-content\/uploads\/2020\/08\/large01-1.jpg","type":"image\/jpeg"}],"twitter_card":"summary_large_image","twitter_misc":{"Tiempo de lectura":"2 minutos"},"schema":{"@context":"https:\/\/schema.org","@graph":[{"@type":"WebPage","@id":"https:\/\/gadtecnology.com\/es\/producto\/lavadora-carga-frontal-de-22kg\/","url":"https:\/\/gadtecnology.com\/es\/producto\/lavadora-carga-frontal-de-22kg\/","name":"Lavadora Carga Frontal de 22kg - Gadtecnology Online","isPartOf":{"@id":"https:\/\/gadtecnology.com\/es\/#website"},"primaryImageOfPage":{"@id":"https:\/\/gadtecnology.com\/es\/producto\/lavadora-carga-frontal-de-22kg\/#primaryimage"},"image":{"@id":"https:\/\/gadtecnology.com\/es\/producto\/lavadora-carga-frontal-de-22kg\/#primaryimage"},"thumbnailUrl":"https:\/\/gadtecnology.com\/wp-content\/uploads\/2020\/08\/large01-1.jpg","datePublished":"2020-08-09T21:39:05+00:00","dateModified":"2024-10-18T09:36:41+00:00","breadcrumb":{"@id":"https:\/\/gadtecnology.com\/es\/producto\/lavadora-carga-frontal-de-22kg\/#breadcrumb"},"inLanguage":"es","potentialAction":[{"@type":"ReadAction","target":["https:\/\/gadtecnology.com\/es\/producto\/lavadora-carga-frontal-de-22kg\/"]}]},{"@type":"ImageObject","inLanguage":"es","@id":"https:\/\/gadtecnology.com\/es\/producto\/lavadora-carga-frontal-de-22kg\/#primaryimage","url":"https:\/\/gadtecnology.com\/wp-content\/uploads\/2020\/08\/large01-1.jpg","contentUrl":"https:\/\/gadtecnology.com\/wp-content\/uploads\/2020\/08\/large01-1.jpg","width":1600,"height":1062},{"@type":"BreadcrumbList","@id":"https:\/\/gadtecnology.com\/es\/producto\/lavadora-carga-frontal-de-22kg\/#breadcrumb","itemListElement":[{"@type":"ListItem","position":1,"name":"Home","item":"https:\/\/gadtecnology.com\/es\/"},{"@type":"ListItem","position":2,"name":"Shop","item":"https:\/\/gadtecnology.com\/shop\/"},{"@type":"ListItem","position":3,"name":"Lavadora Carga Frontal de 22kg"}]},{"@type":"WebSite","@id":"https:\/\/gadtecnology.com\/es\/#website","url":"https:\/\/gadtecnology.com\/es\/","name":"Gadtecnology Online","description":"Partner LG Electronics","publisher":{"@id":"https:\/\/gadtecnology.com\/es\/#organization"},"potentialAction":[{"@type":"SearchAction","target":{"@type":"EntryPoint","urlTemplate":"https:\/\/gadtecnology.com\/es\/?s={search_term_string}"},"query-input":{"@type":"PropertyValueSpecification","valueRequired":true,"valueName":"search_term_string"}}],"inLanguage":"es"},{"@type":"Organization","@id":"https:\/\/gadtecnology.com\/es\/#organization","name":"GAD Tecnology","url":"https:\/\/gadtecnology.com\/es\/","logo":{"@type":"ImageObject","inLanguage":"es","@id":"https:\/\/gadtecnology.com\/es\/#\/schema\/logo\/image\/","url":"https:\/\/gadtecnology.com\/wp-content\/uploads\/2020\/08\/cropped-gad-icon.png","contentUrl":"https:\/\/gadtecnology.com\/wp-content\/uploads\/2020\/08\/cropped-gad-icon.png","width":512,"height":512,"caption":"GAD Tecnology"},"image":{"@id":"https:\/\/gadtecnology.com\/es\/#\/schema\/logo\/image\/"},"sameAs":["https:\/\/www.facebook.com\/gadtecnology","https:\/\/www.instagram.com\/gadtecnology\/"]}]}},"_links":{"self":[{"href":"https:\/\/gadtecnology.com\/es\/wp-json\/wp\/v2\/product\/266","targetHints":{"allow":["GET"]}}],"collection":[{"href":"https:\/\/gadtecnology.com\/es\/wp-json\/wp\/v2\/product"}],"about":[{"href":"https:\/\/gadtecnology.com\/es\/wp-json\/wp\/v2\/types\/product"}],"replies":[{"embeddable":true,"href":"https:\/\/gadtecnology.com\/es\/wp-json\/wp\/v2\/comments?post=266"}],"wp:featuredmedia":[{"embeddable":true,"href":"https:\/\/gadtecnology.com\/es\/wp-json\/wp\/v2\/media\/270"}],"wp:attachment":[{"href":"https:\/\/gadtecnology.com\/es\/wp-json\/wp\/v2\/media?parent=266"}],"wp:term":[{"taxonomy":"product_brand","embeddable":true,"href":"https:\/\/gadtecnology.com\/es\/wp-json\/wp\/v2\/product_brand?post=266"},{"taxonomy":"product_cat","embeddable":true,"href":"https:\/\/gadtecnology.com\/es\/wp-json\/wp\/v2\/product_cat?post=266"},{"taxonomy":"product_tag","embeddable":true,"href":"https:\/\/gadtecnology.com\/es\/wp-json\/wp\/v2\/product_tag?post=266"}],"curies":[{"name":"wp","href":"https:\/\/api.w.org\/{rel}","templated":true}]}}